{"id":2233,"date":"2023-11-10T17:46:34","date_gmt":"2023-11-10T16:46:34","guid":{"rendered":"https:\/\/arnaud-delmarle.com\/?page_id=2233"},"modified":"2023-11-18T17:38:16","modified_gmt":"2023-11-18T16:38:16","slug":"nuit-sans-sommeil","status":"publish","type":"page","link":"https:\/\/arnaud-delmarle.com\/index.php\/nuit-sans-sommeil\/","title":{"rendered":"NUIT SANS SOMMEIL"},"content":{"rendered":"\t\t<div data-elementor-type=\"wp-page\" data-elementor-id=\"2233\" class=\"elementor elementor-2233\">\n\t\t\t\t<div class=\"elementor-element elementor-element-5f7518d e-flex e-con-boxed e-con e-parent\" data-id=\"5f7518d\" data-element_type=\"container\" data-e-type=\"container\">\n\t\t\t\t\t<div class=\"e-con-inner\">\n\t\t<div class=\"elementor-element elementor-element-47cb2f3 e-con-full e-flex e-con e-child\" data-id=\"47cb2f3\" data-element_type=\"container\" data-e-type=\"container\">\n\t\t\t\t<\/div>\n\t\t<div class=\"elementor-element elementor-element-5abb430 e-con-full e-flex e-con e-child\" data-id=\"5abb430\" data-element_type=\"container\" data-e-type=\"container\">\n\t\t\t\t<\/div>\n\t\t\t\t\t<\/div>\n\t\t\t\t<\/div>\n\t\t<div class=\"elementor-element elementor-element-50b0e28 e-flex e-con-boxed e-con e-parent\" data-id=\"50b0e28\" data-element_type=\"container\" data-e-type=\"container\">\n\t\t\t\t\t<div class=\"e-con-inner\">\n\t\t\t\t<div class=\"elementor-element elementor-element-11ee704 elementor-widget elementor-widget-image\" data-id=\"11ee704\" data-element_type=\"widget\" data-e-type=\"widget\" data-widget_type=\"image.default\">\n\t\t\t\t<div class=\"elementor-widget-container\">\n\t\t\t\t\t\t\t\t\t\t\t\t\t\t\t<img fetchpriority=\"high\" decoding=\"async\" width=\"1024\" height=\"384\" src=\"https:\/\/arnaud-delmarle.com\/wp-content\/uploads\/2023\/11\/NUIT_SANS_SOMMEIL_banniere_VDEF-1024x384.jpg\" class=\"attachment-large size-large wp-image-2235\" alt=\"\" srcset=\"https:\/\/arnaud-delmarle.com\/wp-content\/uploads\/2023\/11\/NUIT_SANS_SOMMEIL_banniere_VDEF-1024x384.jpg 1024w, https:\/\/arnaud-delmarle.com\/wp-content\/uploads\/2023\/11\/NUIT_SANS_SOMMEIL_banniere_VDEF-300x113.jpg 300w, https:\/\/arnaud-delmarle.com\/wp-content\/uploads\/2023\/11\/NUIT_SANS_SOMMEIL_banniere_VDEF-768x288.jpg 768w, https:\/\/arnaud-delmarle.com\/wp-content\/uploads\/2023\/11\/NUIT_SANS_SOMMEIL_banniere_VDEF-1536x576.jpg 1536w, https:\/\/arnaud-delmarle.com\/wp-content\/uploads\/2023\/11\/NUIT_SANS_SOMMEIL_banniere_VDEF-200x75.jpg 200w, https:\/\/arnaud-delmarle.com\/wp-content\/uploads\/2023\/11\/NUIT_SANS_SOMMEIL_banniere_VDEF.jpg 1920w\" sizes=\"(max-width: 1024px) 100vw, 1024px\" \/>\t\t\t\t\t\t\t\t\t\t\t\t\t\t\t<\/div>\n\t\t\t\t<\/div>\n\t\t\t\t\t<\/div>\n\t\t\t\t<\/div>\n\t\t<div class=\"elementor-element elementor-element-8bb3bec e-flex e-con-boxed e-con e-parent\" data-id=\"8bb3bec\" data-element_type=\"container\" data-e-type=\"container\">\n\t\t\t\t\t<div class=\"e-con-inner\">\n\t\t\t\t\t<\/div>\n\t\t\t\t<\/div>\n\t\t<div class=\"elementor-element elementor-element-56b497c e-con-full e-flex e-con e-parent\" data-id=\"56b497c\" data-element_type=\"container\" data-e-type=\"container\">\n\t\t<div class=\"elementor-element elementor-element-8264036 e-con-full e-flex e-con e-child\" data-id=\"8264036\" data-element_type=\"container\" data-e-type=\"container\">\n\t\t\t\t<div class=\"elementor-element elementor-element-e6aff6b elementor-widget elementor-widget-heading\" data-id=\"e6aff6b\" data-element_type=\"widget\" data-e-type=\"widget\" data-widget_type=\"heading.default\">\n\t\t\t\t<div class=\"elementor-widget-container\">\n\t\t\t\t\t<h2 class=\"elementor-heading-title elementor-size-medium\">NUIT SANS SOMMEIL<\/h2>\t\t\t\t<\/div>\n\t\t\t\t<\/div>\n\t\t\t\t<div class=\"elementor-element elementor-element-327744a elementor-widget elementor-widget-heading\" data-id=\"327744a\" data-element_type=\"widget\" data-e-type=\"widget\" data-widget_type=\"heading.default\">\n\t\t\t\t<div class=\"elementor-widget-container\">\n\t\t\t\t\t<h2 class=\"elementor-heading-title elementor-size-medium\">(2016, Clip, 3'16 min)<\/h2>\t\t\t\t<\/div>\n\t\t\t\t<\/div>\n\t\t\t\t<\/div>\n\t\t<div class=\"elementor-element elementor-element-47e13f9 e-con-full e-flex e-con e-child\" data-id=\"47e13f9\" data-element_type=\"container\" data-e-type=\"container\">\n\t\t\t\t<div class=\"elementor-element elementor-element-9b63516 elementor-mobile-align-right elementor-widget-mobile__width-initial elementor-align-center elementor-hidden-mobile elementor-widget elementor-widget-button\" data-id=\"9b63516\" data-element_type=\"widget\" data-e-type=\"widget\" data-widget_type=\"button.default\">\n\t\t\t\t<div class=\"elementor-widget-container\">\n\t\t\t\t\t\t\t\t\t<div class=\"elementor-button-wrapper\">\n\t\t\t\t\t<a class=\"elementor-button elementor-button-link elementor-size-xs\" href=\"https:\/\/www.youtube.com\/watch?v=W9rz9zjkLLI\">\n\t\t\t\t\t\t<span class=\"elementor-button-content-wrapper\">\n\t\t\t\t\t\t\t\t\t<span class=\"elementor-button-text\">VOIR LE CLIP<\/span>\n\t\t\t\t\t<\/span>\n\t\t\t\t\t<\/a>\n\t\t\t\t<\/div>\n\t\t\t\t\t\t\t\t<\/div>\n\t\t\t\t<\/div>\n\t\t\t\t<div class=\"elementor-element elementor-element-935244e elementor-mobile-align-right elementor-widget-mobile__width-initial elementor-align-center elementor-hidden-desktop elementor-hidden-tablet elementor-widget elementor-widget-button\" data-id=\"935244e\" data-element_type=\"widget\" data-e-type=\"widget\" data-widget_type=\"button.default\">\n\t\t\t\t<div class=\"elementor-widget-container\">\n\t\t\t\t\t\t\t\t\t<div class=\"elementor-button-wrapper\">\n\t\t\t\t\t<a class=\"elementor-button elementor-button-link elementor-size-xs\" href=\"https:\/\/www.youtube.com\/watch?v=W9rz9zjkLLI\">\n\t\t\t\t\t\t<span class=\"elementor-button-content-wrapper\">\n\t\t\t\t\t\t\t\t\t<span class=\"elementor-button-text\">LE CLIP<\/span>\n\t\t\t\t\t<\/span>\n\t\t\t\t\t<\/a>\n\t\t\t\t<\/div>\n\t\t\t\t\t\t\t\t<\/div>\n\t\t\t\t<\/div>\n\t\t\t\t<\/div>\n\t\t<div class=\"elementor-element elementor-element-e13baa7 e-con-full e-flex e-con e-child\" data-id=\"e13baa7\" data-element_type=\"container\" data-e-type=\"container\">\n\t\t<div class=\"elementor-element elementor-element-ed4bc40 e-con-full e-flex e-con e-child\" data-id=\"ed4bc40\" data-element_type=\"container\" data-e-type=\"container\">\n\t\t<div class=\"elementor-element elementor-element-9092a28 e-con-full e-flex e-con e-child\" data-id=\"9092a28\" data-element_type=\"container\" data-e-type=\"container\">\n\t\t\t\t<div class=\"elementor-element elementor-element-29d2c7e elementor-widget elementor-widget-heading\" data-id=\"29d2c7e\" data-element_type=\"widget\" data-e-type=\"widget\" data-widget_type=\"heading.default\">\n\t\t\t\t<div class=\"elementor-widget-container\">\n\t\t\t\t\t<h2 class=\"elementor-heading-title elementor-size-medium\">Synopsis<\/h2>\t\t\t\t<\/div>\n\t\t\t\t<\/div>\n\t\t\t\t<\/div>\n\t\t<div class=\"elementor-element elementor-element-2a725b7 e-con-full e-flex e-con e-child\" data-id=\"2a725b7\" data-element_type=\"container\" data-e-type=\"container\">\n\t\t\t\t<div class=\"elementor-element elementor-element-05edca5 elementor-widget elementor-widget-text-editor\" data-id=\"05edca5\" data-element_type=\"widget\" data-e-type=\"widget\" data-widget_type=\"text-editor.default\">\n\t\t\t\t<div class=\"elementor-widget-container\">\n\t\t\t\t\t\t\t\t\t<p>L&#8217;insomnie d&#8217;un homme qui pr\u00e9f\u00e8re sortir dans les rues la nuit, plut\u00f4t que de broyer du noir dans son lit.<\/p>\t\t\t\t\t\t\t\t<\/div>\n\t\t\t\t<\/div>\n\t\t\t\t<\/div>\n\t\t<div class=\"elementor-element elementor-element-1ac2a95 e-con-full e-flex e-con e-child\" data-id=\"1ac2a95\" data-element_type=\"container\" data-e-type=\"container\">\n\t\t\t\t<div class=\"elementor-element elementor-element-c591a04 elementor-widget elementor-widget-heading\" data-id=\"c591a04\" data-element_type=\"widget\" data-e-type=\"widget\" data-widget_type=\"heading.default\">\n\t\t\t\t<div class=\"elementor-widget-container\">\n\t\t\t\t\t<h2 class=\"elementor-heading-title elementor-size-medium\">Informations<\/h2>\t\t\t\t<\/div>\n\t\t\t\t<\/div>\n\t\t\t\t<\/div>\n\t\t<div class=\"elementor-element elementor-element-7a2db6c e-con-full e-flex e-con e-child\" data-id=\"7a2db6c\" data-element_type=\"container\" data-e-type=\"container\">\n\t\t\t\t<div class=\"elementor-element elementor-element-a20a3f4 elementor-widget__width-initial elementor-widget elementor-widget-text-editor\" data-id=\"a20a3f4\" data-element_type=\"widget\" data-e-type=\"widget\" data-widget_type=\"text-editor.default\">\n\t\t\t\t<div class=\"elementor-widget-container\">\n\t\t\t\t\t\t\t\t\t<div><span class=\"wixui-rich-text__text\">Exercice de vid\u00e9oclip r\u00e9alis\u00e9 dans le cadre du cours montage et th\u00e9orie pratique pendant l&#8217;ann\u00e9e d&#8217;\u00e9change au Qu\u00e9bec en deuxi\u00e8me ann\u00e9e de licence audiovisuelle. <\/span><\/div>\t\t\t\t\t\t\t\t<\/div>\n\t\t\t\t<\/div>\n\t\t\t\t<\/div>\n\t\t\t\t<\/div>\n\t\t\t\t<\/div>\n\t\t\t\t<\/div>\n\t\t<div class=\"elementor-element elementor-element-5613cba e-con-full e-flex e-con e-parent\" data-id=\"5613cba\" data-element_type=\"container\" data-e-type=\"container\">\n\t\t<div class=\"elementor-element elementor-element-c96b224 e-con-full e-flex e-con e-child\" data-id=\"c96b224\" data-element_type=\"container\" data-e-type=\"container\">\n\t\t\t\t<div class=\"elementor-element elementor-element-009dd62 elementor-widget elementor-widget-text-editor\" data-id=\"009dd62\" data-element_type=\"widget\" data-e-type=\"widget\" data-widget_type=\"text-editor.default\">\n\t\t\t\t<div class=\"elementor-widget-container\">\n\t\t\t\t\t\t\t\t\t<p class=\"font_8 wixui-rich-text__text\"><strong><span class=\"wixui-rich-text__text\">Interpr\u00e8te<\/span><\/strong><\/p><p class=\"font_8 wixui-rich-text__text\"><span class=\"wixui-rich-text__text\">Romain CHALENDAR <\/span><\/p>\t\t\t\t\t\t\t\t<\/div>\n\t\t\t\t<\/div>\n\t\t\t\t<div class=\"elementor-element elementor-element-bdbe7e5 elementor-widget elementor-widget-text-editor\" data-id=\"bdbe7e5\" data-element_type=\"widget\" data-e-type=\"widget\" data-widget_type=\"text-editor.default\">\n\t\t\t\t<div class=\"elementor-widget-container\">\n\t\t\t\t\t\t\t\t\t<p><strong><span class=\"wixui-rich-text__text\">\u00c9criture &amp; r\u00e9alisation<\/span><\/strong><\/p><p>Arnaud DELMARLE<\/p>\t\t\t\t\t\t\t\t<\/div>\n\t\t\t\t<\/div>\n\t\t\t\t<div class=\"elementor-element elementor-element-ab7a338 elementor-widget elementor-widget-text-editor\" data-id=\"ab7a338\" data-element_type=\"widget\" data-e-type=\"widget\" data-widget_type=\"text-editor.default\">\n\t\t\t\t<div class=\"elementor-widget-container\">\n\t\t\t\t\t\t\t\t\t<p><strong>Image<\/strong><\/p><p>Arnaud DELMARLE<\/p>\t\t\t\t\t\t\t\t<\/div>\n\t\t\t\t<\/div>\n\t\t\t\t<div class=\"elementor-element elementor-element-9e3f111 elementor-widget elementor-widget-text-editor\" data-id=\"9e3f111\" data-element_type=\"widget\" data-e-type=\"widget\" data-widget_type=\"text-editor.default\">\n\t\t\t\t<div class=\"elementor-widget-container\">\n\t\t\t\t\t\t\t\t\t<p><strong><span class=\"wixui-rich-text__text\">Musique <br \/><\/span><\/strong><\/p><p><span class=\"wixui-rich-text__text\"><em>Burning<\/em> de Ludovico EINAUDI<br \/><\/span><\/p>\t\t\t\t\t\t\t\t<\/div>\n\t\t\t\t<\/div>\n\t\t\t\t<\/div>\n\t\t<div class=\"elementor-element elementor-element-cbb0d58 e-con-full e-flex e-con e-child\" data-id=\"cbb0d58\" data-element_type=\"container\" data-e-type=\"container\">\n\t\t\t\t<div class=\"elementor-element elementor-element-f07b943 elementor-widget elementor-widget-text-editor\" data-id=\"f07b943\" data-element_type=\"widget\" data-e-type=\"widget\" data-widget_type=\"text-editor.default\">\n\t\t\t\t<div class=\"elementor-widget-container\">\n\t\t\t\t\t\t\t\t\t<p><strong>Montage &amp; \u00e9talonnage<\/strong><\/p><p>Arnaud DELMARLE<\/p>\t\t\t\t\t\t\t\t<\/div>\n\t\t\t\t<\/div>\n\t\t\t\t<div class=\"elementor-element elementor-element-d46d3fd elementor-widget elementor-widget-text-editor\" data-id=\"d46d3fd\" data-element_type=\"widget\" data-e-type=\"widget\" data-widget_type=\"text-editor.default\">\n\t\t\t\t<div class=\"elementor-widget-container\">\n\t\t\t\t\t\t\t\t\t<p class=\"font_8 wixui-rich-text__text\"><strong><span class=\"wixui-rich-text__text\">Remerciements<\/span><\/strong><\/p><p class=\"font_8 wixui-rich-text__text\"><span class=\"wixui-rich-text__text\">Wojtek ZBOROWSKI <br \/><\/span><\/p><p class=\"font_8 wixui-rich-text__text\"><span class=\"wixui-rich-text__text\">Victor WALSPECK<\/span><\/p><p class=\"font_8 wixui-rich-text__text\"><span class=\"wixui-rich-text__text\">Fanny MOUCH<span class=\"ILfuVd\" lang=\"fr\"><span class=\"hgKElc\">\u00c8<\/span><\/span>S <br \/><\/span><\/p><p class=\"font_8 wixui-rich-text__text\"><span class=\"wixui-rich-text__text\">Jan DECLERCK <br \/><\/span><\/p><p class=\"font_8 wixui-rich-text__text\"><span class=\"wixui-rich-text__text\">Julie ANNE<br \/><\/span><\/p><p class=\"font_8 wixui-rich-text__text\"><span class=\"wixui-rich-text__text\">Cl\u00e9ment ZAKRZEWSKI<\/span><\/p><p class=\"font_8 wixui-rich-text__text\"><span class=\"wixui-rich-text__text\">Yuntian GUAN <\/span><\/p><p>Charles SCHIELE<\/p><p>Virgile NOVAK-FOKI<\/p><p>Sofiane LOUNES<\/p>\t\t\t\t\t\t\t\t<\/div>\n\t\t\t\t<\/div>\n\t\t\t\t<\/div>\n\t\t\t\t<\/div>\n\t\t<div class=\"elementor-element elementor-element-ce50908 e-flex e-con-boxed e-con e-parent\" data-id=\"ce50908\" data-element_type=\"container\" data-e-type=\"container\">\n\t\t\t\t\t<div class=\"e-con-inner\">\n\t\t<div class=\"elementor-element elementor-element-0e4a8da e-con-full e-flex e-con e-child\" data-id=\"0e4a8da\" data-element_type=\"container\" data-e-type=\"container\">\n\t\t\t\t<\/div>\n\t\t<div class=\"elementor-element elementor-element-f8044f9 e-con-full e-flex e-con e-child\" data-id=\"f8044f9\" data-element_type=\"container\" data-e-type=\"container\">\n\t\t\t\t<div class=\"elementor-element elementor-element-a2ce280 elementor-widget elementor-widget-video\" data-id=\"a2ce280\" data-element_type=\"widget\" data-e-type=\"widget\" data-settings=\"{&quot;youtube_url&quot;:&quot;https:\\\/\\\/www.youtube.com\\\/watch?v=W9rz9zjkLLI&quot;,&quot;video_type&quot;:&quot;youtube&quot;,&quot;controls&quot;:&quot;yes&quot;}\" data-widget_type=\"video.default\">\n\t\t\t\t<div class=\"elementor-widget-container\">\n\t\t\t\t\t\t\t<div class=\"elementor-wrapper elementor-open-inline\">\n\t\t\t<div class=\"elementor-video\"><\/div>\t\t<\/div>\n\t\t\t\t\t\t<\/div>\n\t\t\t\t<\/div>\n\t\t\t\t<\/div>\n\t\t<div class=\"elementor-element elementor-element-17dd915 e-con-full e-flex e-con e-child\" data-id=\"17dd915\" data-element_type=\"container\" data-e-type=\"container\">\n\t\t\t\t<\/div>\n\t\t\t\t\t<\/div>\n\t\t\t\t<\/div>\n\t\t\t\t<\/div>\n\t\t","protected":false},"excerpt":{"rendered":"<p>NUIT SANS SOMMEIL (2016, Clip, 3&#8217;16 min) VOIR LE CLIP LE CLIP Synopsis L&#8217;insomnie d&#8217;un homme qui pr\u00e9f\u00e8re sortir dans les rues la nuit, plut\u00f4t que de broyer du noir dans son lit. Informations Exercice de vid\u00e9oclip r\u00e9alis\u00e9 dans le cadre du cours montage et th\u00e9orie pratique pendant l&#8217;ann\u00e9e d&#8217;\u00e9change au Qu\u00e9bec en deuxi\u00e8me ann\u00e9e &hellip;<\/p>\n<p class=\"read-more\"> <a class=\"\" href=\"https:\/\/arnaud-delmarle.com\/index.php\/nuit-sans-sommeil\/\"> <span class=\"screen-reader-text\">NUIT SANS SOMMEIL<\/span> Read More &raquo;<\/a><\/p>\n","protected":false},"author":1,"featured_media":0,"parent":0,"menu_order":0,"comment_status":"closed","ping_status":"closed","template":"","meta":{"_uag_custom_page_level_css":"","site-sidebar-layout":"no-sidebar","site-content-layout":"plain-container","ast-site-content-layout":"normal-width-container","site-content-style":"unboxed","site-sidebar-style":"unboxed","ast-global-header-display":"","ast-banner-title-visibility":"","ast-main-header-display":"","ast-hfb-above-header-display":"","ast-hfb-below-header-display":"","ast-hfb-mobile-header-display":"","site-post-title":"disabled","ast-breadcrumbs-content":"","ast-featured-img":"disabled","footer-sml-layout":"","theme-transparent-header-meta":"enabled","adv-header-id-meta":"","stick-header-meta":"","header-above-stick-meta":"","header-main-stick-meta":"","header-below-stick-meta":"","astra-migrate-meta-layouts":"set","ngg_post_thumbnail":0,"_vp_format_video_url":"","_vp_image_focal_point":[],"footnotes":""},"class_list":["post-2233","page","type-page","status-publish","hentry"],"yoast_head":"<!-- This site is optimized with the Yoast SEO plugin v27.5 - https:\/\/yoast.com\/product\/yoast-seo-wordpress\/ -->\n<title>NUIT SANS SOMMEIL -<\/title>\n<meta name=\"robots\" content=\"index, follow, max-snippet:-1, max-image-preview:large, max-video-preview:-1\" \/>\n<link rel=\"canonical\" href=\"https:\/\/arnaud-delmarle.com\/index.php\/nuit-sans-sommeil\/\" \/>\n<meta property=\"og:locale\" content=\"en_US\" \/>\n<meta property=\"og:type\" content=\"article\" \/>\n<meta property=\"og:title\" content=\"NUIT SANS SOMMEIL -\" \/>\n<meta property=\"og:description\" content=\"NUIT SANS SOMMEIL (2016, Clip, 3&#8217;16 min) VOIR LE CLIP LE CLIP Synopsis L&#8217;insomnie d&#8217;un homme qui pr\u00e9f\u00e8re sortir dans les rues la nuit, plut\u00f4t que de broyer du noir dans son lit. Informations Exercice de vid\u00e9oclip r\u00e9alis\u00e9 dans le cadre du cours montage et th\u00e9orie pratique pendant l&#8217;ann\u00e9e d&#8217;\u00e9change au Qu\u00e9bec en deuxi\u00e8me ann\u00e9e &hellip; NUIT SANS SOMMEIL Read More &raquo;\" \/>\n<meta property=\"og:url\" content=\"https:\/\/arnaud-delmarle.com\/index.php\/nuit-sans-sommeil\/\" \/>\n<meta property=\"article:modified_time\" content=\"2023-11-18T16:38:16+00:00\" \/>\n<meta property=\"og:image\" content=\"http:\/\/arnaud-delmarle.com\/wp-content\/uploads\/2023\/11\/NUIT_SANS_SOMMEIL_banniere_VDEF-1024x384.jpg\" \/>\n<meta name=\"twitter:card\" content=\"summary_large_image\" \/>\n<meta name=\"twitter:label1\" content=\"Est. reading time\" \/>\n\t<meta name=\"twitter:data1\" content=\"2 minutes\" \/>\n<script type=\"application\/ld+json\" class=\"yoast-schema-graph\">{\"@context\":\"https:\\\/\\\/schema.org\",\"@graph\":[{\"@type\":\"WebPage\",\"@id\":\"https:\\\/\\\/arnaud-delmarle.com\\\/index.php\\\/nuit-sans-sommeil\\\/\",\"url\":\"https:\\\/\\\/arnaud-delmarle.com\\\/index.php\\\/nuit-sans-sommeil\\\/\",\"name\":\"NUIT SANS SOMMEIL -\",\"isPartOf\":{\"@id\":\"https:\\\/\\\/arnaud-delmarle.com\\\/#website\"},\"primaryImageOfPage\":{\"@id\":\"https:\\\/\\\/arnaud-delmarle.com\\\/index.php\\\/nuit-sans-sommeil\\\/#primaryimage\"},\"image\":{\"@id\":\"https:\\\/\\\/arnaud-delmarle.com\\\/index.php\\\/nuit-sans-sommeil\\\/#primaryimage\"},\"thumbnailUrl\":\"http:\\\/\\\/arnaud-delmarle.com\\\/wp-content\\\/uploads\\\/2023\\\/11\\\/NUIT_SANS_SOMMEIL_banniere_VDEF-1024x384.jpg\",\"datePublished\":\"2023-11-10T16:46:34+00:00\",\"dateModified\":\"2023-11-18T16:38:16+00:00\",\"breadcrumb\":{\"@id\":\"https:\\\/\\\/arnaud-delmarle.com\\\/index.php\\\/nuit-sans-sommeil\\\/#breadcrumb\"},\"inLanguage\":\"en-US\",\"potentialAction\":[{\"@type\":\"ReadAction\",\"target\":[\"https:\\\/\\\/arnaud-delmarle.com\\\/index.php\\\/nuit-sans-sommeil\\\/\"]}]},{\"@type\":\"ImageObject\",\"inLanguage\":\"en-US\",\"@id\":\"https:\\\/\\\/arnaud-delmarle.com\\\/index.php\\\/nuit-sans-sommeil\\\/#primaryimage\",\"url\":\"https:\\\/\\\/arnaud-delmarle.com\\\/wp-content\\\/uploads\\\/2023\\\/11\\\/NUIT_SANS_SOMMEIL_banniere_VDEF.jpg\",\"contentUrl\":\"https:\\\/\\\/arnaud-delmarle.com\\\/wp-content\\\/uploads\\\/2023\\\/11\\\/NUIT_SANS_SOMMEIL_banniere_VDEF.jpg\",\"width\":1920,\"height\":720},{\"@type\":\"BreadcrumbList\",\"@id\":\"https:\\\/\\\/arnaud-delmarle.com\\\/index.php\\\/nuit-sans-sommeil\\\/#breadcrumb\",\"itemListElement\":[{\"@type\":\"ListItem\",\"position\":1,\"name\":\"Accueil\",\"item\":\"https:\\\/\\\/arnaud-delmarle.com\\\/\"},{\"@type\":\"ListItem\",\"position\":2,\"name\":\"NUIT SANS SOMMEIL\"}]},{\"@type\":\"WebSite\",\"@id\":\"https:\\\/\\\/arnaud-delmarle.com\\\/#website\",\"url\":\"https:\\\/\\\/arnaud-delmarle.com\\\/\",\"name\":\"\",\"description\":\"\",\"potentialAction\":[{\"@type\":\"SearchAction\",\"target\":{\"@type\":\"EntryPoint\",\"urlTemplate\":\"https:\\\/\\\/arnaud-delmarle.com\\\/?s={search_term_string}\"},\"query-input\":{\"@type\":\"PropertyValueSpecification\",\"valueRequired\":true,\"valueName\":\"search_term_string\"}}],\"inLanguage\":\"en-US\"}]}<\/script>\n<!-- \/ Yoast SEO plugin. -->","yoast_head_json":{"title":"NUIT SANS SOMMEIL -","robots":{"index":"index","follow":"follow","max-snippet":"max-snippet:-1","max-image-preview":"max-image-preview:large","max-video-preview":"max-video-preview:-1"},"canonical":"https:\/\/arnaud-delmarle.com\/index.php\/nuit-sans-sommeil\/","og_locale":"en_US","og_type":"article","og_title":"NUIT SANS SOMMEIL -","og_description":"NUIT SANS SOMMEIL (2016, Clip, 3&#8217;16 min) VOIR LE CLIP LE CLIP Synopsis L&#8217;insomnie d&#8217;un homme qui pr\u00e9f\u00e8re sortir dans les rues la nuit, plut\u00f4t que de broyer du noir dans son lit. Informations Exercice de vid\u00e9oclip r\u00e9alis\u00e9 dans le cadre du cours montage et th\u00e9orie pratique pendant l&#8217;ann\u00e9e d&#8217;\u00e9change au Qu\u00e9bec en deuxi\u00e8me ann\u00e9e &hellip; NUIT SANS SOMMEIL Read More &raquo;","og_url":"https:\/\/arnaud-delmarle.com\/index.php\/nuit-sans-sommeil\/","article_modified_time":"2023-11-18T16:38:16+00:00","og_image":[{"url":"http:\/\/arnaud-delmarle.com\/wp-content\/uploads\/2023\/11\/NUIT_SANS_SOMMEIL_banniere_VDEF-1024x384.jpg","type":"","width":"","height":""}],"twitter_card":"summary_large_image","twitter_misc":{"Est. reading time":"2 minutes"},"schema":{"@context":"https:\/\/schema.org","@graph":[{"@type":"WebPage","@id":"https:\/\/arnaud-delmarle.com\/index.php\/nuit-sans-sommeil\/","url":"https:\/\/arnaud-delmarle.com\/index.php\/nuit-sans-sommeil\/","name":"NUIT SANS SOMMEIL -","isPartOf":{"@id":"https:\/\/arnaud-delmarle.com\/#website"},"primaryImageOfPage":{"@id":"https:\/\/arnaud-delmarle.com\/index.php\/nuit-sans-sommeil\/#primaryimage"},"image":{"@id":"https:\/\/arnaud-delmarle.com\/index.php\/nuit-sans-sommeil\/#primaryimage"},"thumbnailUrl":"http:\/\/arnaud-delmarle.com\/wp-content\/uploads\/2023\/11\/NUIT_SANS_SOMMEIL_banniere_VDEF-1024x384.jpg","datePublished":"2023-11-10T16:46:34+00:00","dateModified":"2023-11-18T16:38:16+00:00","breadcrumb":{"@id":"https:\/\/arnaud-delmarle.com\/index.php\/nuit-sans-sommeil\/#breadcrumb"},"inLanguage":"en-US","potentialAction":[{"@type":"ReadAction","target":["https:\/\/arnaud-delmarle.com\/index.php\/nuit-sans-sommeil\/"]}]},{"@type":"ImageObject","inLanguage":"en-US","@id":"https:\/\/arnaud-delmarle.com\/index.php\/nuit-sans-sommeil\/#primaryimage","url":"https:\/\/arnaud-delmarle.com\/wp-content\/uploads\/2023\/11\/NUIT_SANS_SOMMEIL_banniere_VDEF.jpg","contentUrl":"https:\/\/arnaud-delmarle.com\/wp-content\/uploads\/2023\/11\/NUIT_SANS_SOMMEIL_banniere_VDEF.jpg","width":1920,"height":720},{"@type":"BreadcrumbList","@id":"https:\/\/arnaud-delmarle.com\/index.php\/nuit-sans-sommeil\/#breadcrumb","itemListElement":[{"@type":"ListItem","position":1,"name":"Accueil","item":"https:\/\/arnaud-delmarle.com\/"},{"@type":"ListItem","position":2,"name":"NUIT SANS SOMMEIL"}]},{"@type":"WebSite","@id":"https:\/\/arnaud-delmarle.com\/#website","url":"https:\/\/arnaud-delmarle.com\/","name":"","description":"","potentialAction":[{"@type":"SearchAction","target":{"@type":"EntryPoint","urlTemplate":"https:\/\/arnaud-delmarle.com\/?s={search_term_string}"},"query-input":{"@type":"PropertyValueSpecification","valueRequired":true,"valueName":"search_term_string"}}],"inLanguage":"en-US"}]}},"uagb_featured_image_src":{"full":false,"thumbnail":false,"medium":false,"medium_large":false,"large":false,"1536x1536":false,"2048x2048":false,"depicter-thumbnail":false,"vp_sm":false,"vp_md":false,"vp_lg":false,"vp_xl":false,"vp_sm_popup":false,"vp_md_popup":false,"vp_xl_popup":false,"tlp-portfolio-thumb":false},"uagb_author_info":{"display_name":"arnaud-delmarle.com","author_link":"https:\/\/arnaud-delmarle.com\/index.php\/author\/arnaud-delmarle-com\/"},"uagb_comment_info":0,"uagb_excerpt":"NUIT SANS SOMMEIL (2016, Clip, 3&#8217;16 min) VOIR LE CLIP LE CLIP Synopsis L&#8217;insomnie d&#8217;un homme qui pr\u00e9f\u00e8re sortir dans les rues la nuit, plut\u00f4t que de broyer du noir dans son lit. Informations Exercice de vid\u00e9oclip r\u00e9alis\u00e9 dans le cadre du cours montage et th\u00e9orie pratique pendant l&#8217;ann\u00e9e d&#8217;\u00e9change au Qu\u00e9bec en deuxi\u00e8me ann\u00e9e&hellip;","rttpg_featured_image_url":null,"rttpg_author":{"display_name":"arnaud-delmarle.com","author_link":"https:\/\/arnaud-delmarle.com\/index.php\/author\/arnaud-delmarle-com\/"},"rttpg_comment":0,"rttpg_category":null,"rttpg_excerpt":"NUIT SANS SOMMEIL (2016, Clip, 3&#8217;16 min) VOIR LE CLIP LE CLIP Synopsis L&#8217;insomnie d&#8217;un homme qui pr\u00e9f\u00e8re sortir dans les rues la nuit, plut\u00f4t que de broyer du noir dans son lit. Informations Exercice de vid\u00e9oclip r\u00e9alis\u00e9 dans le cadre du cours montage et th\u00e9orie pratique pendant l&#8217;ann\u00e9e d&#8217;\u00e9change au Qu\u00e9bec en deuxi\u00e8me ann\u00e9e&hellip;","_links":{"self":[{"href":"https:\/\/arnaud-delmarle.com\/index.php\/wp-json\/wp\/v2\/pages\/2233","targetHints":{"allow":["GET"]}}],"collection":[{"href":"https:\/\/arnaud-delmarle.com\/index.php\/wp-json\/wp\/v2\/pages"}],"about":[{"href":"https:\/\/arnaud-delmarle.com\/index.php\/wp-json\/wp\/v2\/types\/page"}],"author":[{"embeddable":true,"href":"https:\/\/arnaud-delmarle.com\/index.php\/wp-json\/wp\/v2\/users\/1"}],"replies":[{"embeddable":true,"href":"https:\/\/arnaud-delmarle.com\/index.php\/wp-json\/wp\/v2\/comments?post=2233"}],"version-history":[{"count":34,"href":"https:\/\/arnaud-delmarle.com\/index.php\/wp-json\/wp\/v2\/pages\/2233\/revisions"}],"predecessor-version":[{"id":5134,"href":"https:\/\/arnaud-delmarle.com\/index.php\/wp-json\/wp\/v2\/pages\/2233\/revisions\/5134"}],"wp:attachment":[{"href":"https:\/\/arnaud-delmarle.com\/index.php\/wp-json\/wp\/v2\/media?parent=2233"}],"curies":[{"name":"wp","href":"https:\/\/api.w.org\/{rel}","templated":true}]}}