{"id":258,"date":"2020-08-20T06:50:56","date_gmt":"2020-08-20T04:50:56","guid":{"rendered":"https:\/\/arnaud-delmarle.com\/index.php\/contact\/"},"modified":"2026-03-07T17:23:21","modified_gmt":"2026-03-07T16:23:21","slug":"contact","status":"publish","type":"page","link":"https:\/\/arnaud-delmarle.com\/index.php\/contact\/","title":{"rendered":"CONTACT"},"content":{"rendered":"\t\t<div data-elementor-type=\"wp-page\" data-elementor-id=\"258\" class=\"elementor elementor-258\">\n\t\t\t\t<div class=\"elementor-element elementor-element-b70611a e-flex e-con-boxed e-con e-parent\" data-id=\"b70611a\" data-element_type=\"container\" data-e-type=\"container\">\n\t\t\t\t\t<div class=\"e-con-inner\">\n\t\t\t\t\t<\/div>\n\t\t\t\t<\/div>\n\t\t<div class=\"elementor-element elementor-element-8d62bb6 e-con-full e-flex e-con e-parent\" data-id=\"8d62bb6\" data-element_type=\"container\" data-e-type=\"container\">\n\t\t<div class=\"elementor-element elementor-element-c3b5114 e-con-full e-flex e-con e-child\" data-id=\"c3b5114\" data-element_type=\"container\" data-e-type=\"container\">\n\t\t\t\t<div class=\"elementor-element elementor-element-b041214 elementor-widget elementor-widget-image\" data-id=\"b041214\" data-element_type=\"widget\" data-e-type=\"widget\" data-widget_type=\"image.default\">\n\t\t\t\t<div class=\"elementor-widget-container\">\n\t\t\t\t\t\t\t\t\t\t\t\t\t\t\t<img fetchpriority=\"high\" decoding=\"async\" width=\"225\" height=\"300\" src=\"https:\/\/arnaud-delmarle.com\/wp-content\/uploads\/2023\/11\/MG_859222-1-225x300.png\" class=\"attachment-medium size-medium wp-image-2708\" alt=\"\" srcset=\"https:\/\/arnaud-delmarle.com\/wp-content\/uploads\/2023\/11\/MG_859222-1-225x300.png 225w, https:\/\/arnaud-delmarle.com\/wp-content\/uploads\/2023\/11\/MG_859222-1-768x1024.png 768w, https:\/\/arnaud-delmarle.com\/wp-content\/uploads\/2023\/11\/MG_859222-1-1152x1536.png 1152w, https:\/\/arnaud-delmarle.com\/wp-content\/uploads\/2023\/11\/MG_859222-1-1536x2048.png 1536w, https:\/\/arnaud-delmarle.com\/wp-content\/uploads\/2023\/11\/MG_859222-1-200x267.png 200w\" sizes=\"(max-width: 225px) 100vw, 225px\" \/>\t\t\t\t\t\t\t\t\t\t\t\t\t\t\t<\/div>\n\t\t\t\t<\/div>\n\t\t\t\t<\/div>\n\t\t<div class=\"elementor-element elementor-element-acbf873 e-con-full e-flex e-con e-child\" data-id=\"acbf873\" data-element_type=\"container\" data-e-type=\"container\">\n\t\t\t\t<div class=\"elementor-element elementor-element-b618471 elementor-widget elementor-widget-text-editor\" data-id=\"b618471\" data-element_type=\"widget\" data-e-type=\"widget\" data-widget_type=\"text-editor.default\">\n\t\t\t\t<div class=\"elementor-widget-container\">\n\t\t\t\t\t\t\t\t\t<p><span class=\"wixui-rich-text__text\">Originaire d&#8217;un petit village de la campagne normande, je d\u00e9couvre ma passion pour le cin\u00e9ma tr\u00e8s jeune au sein de l\u2019association du <a class=\"wixui-rich-text__text\" href=\"https:\/\/dugrainademoudre.net\/\" target=\"_blank\" rel=\"noreferrer noopener\">Grain \u00e0 D\u00e9moudre <\/a>o\u00f9, avec d\u2019autres adolescents, nous sommes \u00e0 la t\u00eate de l&#8217;organisation d&#8217;un festival de cin\u00e9ma. D\u00e8s 15 ans, je passe un grand nombre de mes week-ends dans la salle de l\u2019association \u00e0 visionner des centaines de courts et longs m\u00e9trages internationaux o\u00f9 j&#8217;ai la chance de voyager \u00e0 travers des univers tr\u00e8s riches. <\/span><span class=\"wixui-rich-text__text\">Cette exp\u00e9rience me donne l&#8217;envie de faire une licence audiovisuelle \u00e0 Valenciennes, un master production et m\u00e9tiers de la r\u00e9alisation au d\u00e9partement Satis de l&#8217;Universit\u00e9 d&#8217;Aix-Marseille, et m&#8217;emporte m\u00eame \u00e0 l&#8217;\u00e9tranger o\u00f9 je r\u00e9alise divers stages dans des \u00e9coles de com\u00e9diens en tant qu&#8217;assistant metteur en sc\u00e8ne \u00e0 Montr\u00e9al, \u00e0 Amsterdam, et en Australie. <\/span><\/p><p><span class=\"wixui-rich-text__text\">Toutes ces exp\u00e9riences nourrissent mon imaginaire et confirment mon int\u00e9r\u00eat pour la mise en sc\u00e8ne et la direction d&#8217;acteur. <\/span><span class=\"wixui-rich-text__text\"><em><a class=\"wixui-rich-text__text\" href=\"https:\/\/arnaud-delmarle.com\/index.php\/le-muret\/\" target=\"_self\">Le Muret<\/a><\/em> est mon premier court-m\u00e9trage r\u00e9alis\u00e9 en autoproduction \u00e0 l&#8217;occasion du Nikon Film Festival 2022. Le film est s\u00e9lectionn\u00e9 parmi les 50 finalistes sur les 1 605 films en comp\u00e9tition et est projet\u00e9 au grand REX en 2022. Apr\u00e8s plusieurs autres courts autoproduits, <a class=\"wixui-rich-text__text\" href=\"https:\/\/arnaud-delmarle.com\/index.php\/big-boys-dont-cry\/\" target=\"_self\"><em>Big Boys Don&#8217;t Cry<\/em><\/a>\u00a0 est mon premier projet de court-m\u00e9trage produit par Le GREC. Le projet co-\u00e9crit avec la sc\u00e9nariste L\u00e9a Oury a b\u00e9n\u00e9fici\u00e9 de l\u2019aide \u00ab Jeunes sortis d\u2019\u00e9cole \u00bb du CNC, et a re\u00e7u en 2022 le Grand Prix du sc\u00e9nario au Festival Que du Feu, le Festival du Film \u00c9mergent de Lyon. Apr\u00e8s sa premi\u00e8re mondiale au festival du court-m\u00e9trage de Clermont-Ferrand 2025 o\u00f9 il remporte la mention sp\u00e9ciale du jury queer m\u00e9trage, il fait partie des quatre courts-m\u00e9trages nomm\u00e9s pour le C\u00e9sar du meilleur court-m\u00e9trage de fiction 2026.\u00a0<\/span><\/p><p><span class=\"wixui-rich-text__text\">Aujourd&#8217;hui, je d\u00e9veloppe d&#8217;autres projets de courts-m\u00e9trages au sein de r\u00e9sidences d&#8217;\u00e9criture (Le Moulin d&#8217;And\u00e9 C\u00c9CI, le Studio Off-Courts de Trouville) entre Marseille et le Havre, et je continue de filmer quotidiennement. Un autre projet de court-m\u00e9trage est actuellement en \u00e9criture,\u00a0 <em><a class=\"wixui-rich-text__text\" href=\"https:\/\/arnaud-delmarle.com\/index.php\/margot-project\/\" target=\"_self\">Margot, <\/a><\/em>et je d\u00e9veloppe \u00e9galement mon premier projet de long m\u00e9trage de fiction.\u00a0<\/span><\/p>\t\t\t\t\t\t\t\t<\/div>\n\t\t\t\t<\/div>\n\t\t\t\t<\/div>\n\t\t\t\t<\/div>\n\t\t<div class=\"elementor-element elementor-element-31510a3 e-con-full e-flex e-con e-parent\" data-id=\"31510a3\" data-element_type=\"container\" data-e-type=\"container\">\n\t\t<div class=\"elementor-element elementor-element-08cc928 e-con-full e-flex e-con e-child\" data-id=\"08cc928\" data-element_type=\"container\" data-e-type=\"container\">\n\t\t\t\t<\/div>\n\t\t<div class=\"elementor-element elementor-element-7454232 e-con-full e-flex e-con e-child\" data-id=\"7454232\" data-element_type=\"container\" data-e-type=\"container\">\n\t\t\t\t<div class=\"elementor-element elementor-element-6c725e9 elementor-align-right elementor-widget elementor-widget-button\" data-id=\"6c725e9\" data-element_type=\"widget\" data-e-type=\"widget\" data-widget_type=\"button.default\">\n\t\t\t\t<div class=\"elementor-widget-container\">\n\t\t\t\t\t\t\t\t\t<div class=\"elementor-button-wrapper\">\n\t\t\t\t\t<a class=\"elementor-button elementor-button-link elementor-size-sm\" href=\"http:\/\/arnaud-delmarle.com\/wp-content\/uploads\/2026\/03\/CV-auteur-Arnaud-Delmarle-2026-site.pdf\" target=\"_blank\">\n\t\t\t\t\t\t<span class=\"elementor-button-content-wrapper\">\n\t\t\t\t\t\t\t\t\t<span class=\"elementor-button-text\">Consulter le CV<\/span>\n\t\t\t\t\t<\/span>\n\t\t\t\t\t<\/a>\n\t\t\t\t<\/div>\n\t\t\t\t\t\t\t\t<\/div>\n\t\t\t\t<\/div>\n\t\t\t\t<div class=\"elementor-element elementor-element-59da6de elementor-widget__width-initial elementor-widget elementor-widget-wpforms\" data-id=\"59da6de\" data-element_type=\"widget\" data-e-type=\"widget\" data-widget_type=\"wpforms.default\">\n\t\t\t\t<div class=\"elementor-widget-container\">\n\t\t\t\t\t<div class=\"wpforms-container \" id=\"wpforms-1355\"><form id=\"wpforms-form-1355\" class=\"wpforms-validate wpforms-form wpforms-ajax-form\" data-formid=\"1355\" method=\"post\" enctype=\"multipart\/form-data\" action=\"\/index.php\/wp-json\/wp\/v2\/pages\/258\" data-token=\"329aa3fb5192eb466c40a2de1757d1f3\" data-token-time=\"1777506060\"><noscript class=\"wpforms-error-noscript\">Please enable JavaScript in your browser to complete this form.<\/noscript><div class=\"wpforms-field-container\"><div id=\"wpforms-1355-field_0-container\" class=\"wpforms-field wpforms-field-name\" data-field-id=\"0\"><label class=\"wpforms-field-label\" for=\"wpforms-1355-field_0\">Nom <span class=\"wpforms-required-label\">*<\/span><\/label><div class=\"wpforms-field-row wpforms-field-large\"><div class=\"wpforms-field-row-block wpforms-first wpforms-one-half\"><input type=\"text\" id=\"wpforms-1355-field_0\" class=\"wpforms-field-name-first wpforms-field-required\" name=\"wpforms[fields][0][first]\" placeholder=\"Pr\u00e9nom\" required><label for=\"wpforms-1355-field_0\" class=\"wpforms-field-sublabel after wpforms-sublabel-hide\">First<\/label><\/div><div class=\"wpforms-field-row-block wpforms-one-half\"><input type=\"text\" id=\"wpforms-1355-field_0-last\" class=\"wpforms-field-name-last wpforms-field-required\" name=\"wpforms[fields][0][last]\" placeholder=\"Nom\" required><label for=\"wpforms-1355-field_0-last\" class=\"wpforms-field-sublabel after wpforms-sublabel-hide\">Last<\/label><\/div><\/div><\/div><div id=\"wpforms-1355-field_1-container\" class=\"wpforms-field wpforms-field-email\" data-field-id=\"1\"><label class=\"wpforms-field-label\" for=\"wpforms-1355-field_1\">E-mail <span class=\"wpforms-required-label\">*<\/span><\/label><input type=\"email\" id=\"wpforms-1355-field_1\" class=\"wpforms-field-large wpforms-field-required\" name=\"wpforms[fields][1]\" placeholder=\"E-mail\" spellcheck=\"false\" required><\/div><div id=\"wpforms-1355-field_2-container\" class=\"wpforms-field wpforms-field-textarea\" data-field-id=\"2\"><label class=\"wpforms-field-label\" for=\"wpforms-1355-field_2\">Message<\/label><textarea id=\"wpforms-1355-field_2\" class=\"wpforms-field-medium\" name=\"wpforms[fields][2]\" placeholder=\"\u00c9crivez moi votre message ici\" ><\/textarea><\/div><\/div><!-- .wpforms-field-container --><div class=\"wpforms-recaptcha-container wpforms-is-recaptcha wpforms-is-recaptcha-type-v3\" ><input type=\"hidden\" name=\"wpforms[recaptcha]\" value=\"\"><\/div><div class=\"wpforms-submit-container\" ><input type=\"hidden\" name=\"wpforms[id]\" value=\"1355\"><input type=\"hidden\" name=\"page_title\" value=\"\"><input type=\"hidden\" name=\"page_url\" value=\"https:\/\/arnaud-delmarle.com\/index.php\/wp-json\/wp\/v2\/pages\/258\"><input type=\"hidden\" name=\"url_referer\" value=\"\"><button type=\"submit\" name=\"wpforms[submit]\" id=\"wpforms-submit-1355\" class=\"wpforms-submit\" data-alt-text=\"Envoi...\" data-submit-text=\"Envoyer\" aria-live=\"assertive\" value=\"wpforms-submit\">Envoyer<\/button><img decoding=\"async\" src=\"https:\/\/arnaud-delmarle.com\/wp-content\/plugins\/wpforms-lite\/assets\/images\/submit-spin.svg\" class=\"wpforms-submit-spinner\" style=\"display: none;\" width=\"26\" height=\"26\" alt=\"Loading\"><\/div><\/form><\/div>  <!-- .wpforms-container -->\t\t\t\t<\/div>\n\t\t\t\t<\/div>\n\t\t\t\t<\/div>\n\t\t\t\t<\/div>\n\t\t<div class=\"elementor-element elementor-element-3ea152b e-con-full e-flex e-con e-parent\" data-id=\"3ea152b\" data-element_type=\"container\" data-e-type=\"container\">\n\t\t\t\t<\/div>\n\t\t\t\t<\/div>\n\t\t","protected":false},"excerpt":{"rendered":"<p>Originaire d&#8217;un petit village de la campagne normande, je d\u00e9couvre ma passion pour le cin\u00e9ma tr\u00e8s jeune au sein de l\u2019association du Grain \u00e0 D\u00e9moudre o\u00f9, avec d\u2019autres adolescents, nous sommes \u00e0 la t\u00eate de l&#8217;organisation d&#8217;un festival de cin\u00e9ma. D\u00e8s 15 ans, je passe un grand nombre de mes week-ends dans la salle de &hellip;<\/p>\n<p class=\"read-more\"> <a class=\"\" href=\"https:\/\/arnaud-delmarle.com\/index.php\/contact\/\"> <span class=\"screen-reader-text\">CONTACT<\/span> Read More &raquo;<\/a><\/p>\n","protected":false},"author":1,"featured_media":0,"parent":0,"menu_order":0,"comment_status":"closed","ping_status":"closed","template":"","meta":{"_uag_custom_page_level_css":"","site-sidebar-layout":"no-sidebar","site-content-layout":"plain-container","ast-site-content-layout":"","site-content-style":"default","site-sidebar-style":"default","ast-global-header-display":"","ast-banner-title-visibility":"","ast-main-header-display":"","ast-hfb-above-header-display":"","ast-hfb-below-header-display":"","ast-hfb-mobile-header-display":"","site-post-title":"disabled","ast-breadcrumbs-content":"","ast-featured-img":"disabled","footer-sml-layout":"","theme-transparent-header-meta":"enabled","adv-header-id-meta":"","stick-header-meta":"","header-above-stick-meta":"","header-main-stick-meta":"","header-below-stick-meta":"","astra-migrate-meta-layouts":"","ngg_post_thumbnail":0,"_vp_format_video_url":"","_vp_image_focal_point":[],"footnotes":""},"class_list":["post-258","page","type-page","status-publish","hentry"],"yoast_head":"<!-- This site is optimized with the Yoast SEO plugin v27.5 - https:\/\/yoast.com\/product\/yoast-seo-wordpress\/ -->\n<title>CONTACT -<\/title>\n<meta name=\"robots\" content=\"index, follow, max-snippet:-1, max-image-preview:large, max-video-preview:-1\" \/>\n<link rel=\"canonical\" href=\"https:\/\/arnaud-delmarle.com\/index.php\/contact\/\" \/>\n<meta property=\"og:locale\" content=\"en_US\" \/>\n<meta property=\"og:type\" content=\"article\" \/>\n<meta property=\"og:title\" content=\"CONTACT -\" \/>\n<meta property=\"og:description\" content=\"Originaire d&#8217;un petit village de la campagne normande, je d\u00e9couvre ma passion pour le cin\u00e9ma tr\u00e8s jeune au sein de l\u2019association du Grain \u00e0 D\u00e9moudre o\u00f9, avec d\u2019autres adolescents, nous sommes \u00e0 la t\u00eate de l&#8217;organisation d&#8217;un festival de cin\u00e9ma. D\u00e8s 15 ans, je passe un grand nombre de mes week-ends dans la salle de &hellip; CONTACT Read More &raquo;\" \/>\n<meta property=\"og:url\" content=\"https:\/\/arnaud-delmarle.com\/index.php\/contact\/\" \/>\n<meta property=\"article:modified_time\" content=\"2026-03-07T16:23:21+00:00\" \/>\n<meta property=\"og:image\" content=\"http:\/\/arnaud-delmarle.com\/wp-content\/uploads\/2023\/11\/MG_859222-1-225x300.png\" \/>\n<meta name=\"twitter:card\" content=\"summary_large_image\" \/>\n<meta name=\"twitter:label1\" content=\"Est. reading time\" \/>\n\t<meta name=\"twitter:data1\" content=\"2 minutes\" \/>\n<script type=\"application\/ld+json\" class=\"yoast-schema-graph\">{\"@context\":\"https:\\\/\\\/schema.org\",\"@graph\":[{\"@type\":\"WebPage\",\"@id\":\"https:\\\/\\\/arnaud-delmarle.com\\\/index.php\\\/contact\\\/\",\"url\":\"https:\\\/\\\/arnaud-delmarle.com\\\/index.php\\\/contact\\\/\",\"name\":\"CONTACT -\",\"isPartOf\":{\"@id\":\"https:\\\/\\\/arnaud-delmarle.com\\\/#website\"},\"primaryImageOfPage\":{\"@id\":\"https:\\\/\\\/arnaud-delmarle.com\\\/index.php\\\/contact\\\/#primaryimage\"},\"image\":{\"@id\":\"https:\\\/\\\/arnaud-delmarle.com\\\/index.php\\\/contact\\\/#primaryimage\"},\"thumbnailUrl\":\"http:\\\/\\\/arnaud-delmarle.com\\\/wp-content\\\/uploads\\\/2023\\\/11\\\/MG_859222-1-225x300.png\",\"datePublished\":\"2020-08-20T04:50:56+00:00\",\"dateModified\":\"2026-03-07T16:23:21+00:00\",\"breadcrumb\":{\"@id\":\"https:\\\/\\\/arnaud-delmarle.com\\\/index.php\\\/contact\\\/#breadcrumb\"},\"inLanguage\":\"en-US\",\"potentialAction\":[{\"@type\":\"ReadAction\",\"target\":[\"https:\\\/\\\/arnaud-delmarle.com\\\/index.php\\\/contact\\\/\"]}]},{\"@type\":\"ImageObject\",\"inLanguage\":\"en-US\",\"@id\":\"https:\\\/\\\/arnaud-delmarle.com\\\/index.php\\\/contact\\\/#primaryimage\",\"url\":\"https:\\\/\\\/arnaud-delmarle.com\\\/wp-content\\\/uploads\\\/2023\\\/11\\\/MG_859222-1.png\",\"contentUrl\":\"https:\\\/\\\/arnaud-delmarle.com\\\/wp-content\\\/uploads\\\/2023\\\/11\\\/MG_859222-1.png\",\"width\":2923,\"height\":3897},{\"@type\":\"BreadcrumbList\",\"@id\":\"https:\\\/\\\/arnaud-delmarle.com\\\/index.php\\\/contact\\\/#breadcrumb\",\"itemListElement\":[{\"@type\":\"ListItem\",\"position\":1,\"name\":\"Accueil\",\"item\":\"https:\\\/\\\/arnaud-delmarle.com\\\/\"},{\"@type\":\"ListItem\",\"position\":2,\"name\":\"CONTACT\"}]},{\"@type\":\"WebSite\",\"@id\":\"https:\\\/\\\/arnaud-delmarle.com\\\/#website\",\"url\":\"https:\\\/\\\/arnaud-delmarle.com\\\/\",\"name\":\"\",\"description\":\"\",\"potentialAction\":[{\"@type\":\"SearchAction\",\"target\":{\"@type\":\"EntryPoint\",\"urlTemplate\":\"https:\\\/\\\/arnaud-delmarle.com\\\/?s={search_term_string}\"},\"query-input\":{\"@type\":\"PropertyValueSpecification\",\"valueRequired\":true,\"valueName\":\"search_term_string\"}}],\"inLanguage\":\"en-US\"}]}<\/script>\n<!-- \/ Yoast SEO plugin. -->","yoast_head_json":{"title":"CONTACT -","robots":{"index":"index","follow":"follow","max-snippet":"max-snippet:-1","max-image-preview":"max-image-preview:large","max-video-preview":"max-video-preview:-1"},"canonical":"https:\/\/arnaud-delmarle.com\/index.php\/contact\/","og_locale":"en_US","og_type":"article","og_title":"CONTACT -","og_description":"Originaire d&#8217;un petit village de la campagne normande, je d\u00e9couvre ma passion pour le cin\u00e9ma tr\u00e8s jeune au sein de l\u2019association du Grain \u00e0 D\u00e9moudre o\u00f9, avec d\u2019autres adolescents, nous sommes \u00e0 la t\u00eate de l&#8217;organisation d&#8217;un festival de cin\u00e9ma. D\u00e8s 15 ans, je passe un grand nombre de mes week-ends dans la salle de &hellip; CONTACT Read More &raquo;","og_url":"https:\/\/arnaud-delmarle.com\/index.php\/contact\/","article_modified_time":"2026-03-07T16:23:21+00:00","og_image":[{"url":"http:\/\/arnaud-delmarle.com\/wp-content\/uploads\/2023\/11\/MG_859222-1-225x300.png","type":"","width":"","height":""}],"twitter_card":"summary_large_image","twitter_misc":{"Est. reading time":"2 minutes"},"schema":{"@context":"https:\/\/schema.org","@graph":[{"@type":"WebPage","@id":"https:\/\/arnaud-delmarle.com\/index.php\/contact\/","url":"https:\/\/arnaud-delmarle.com\/index.php\/contact\/","name":"CONTACT -","isPartOf":{"@id":"https:\/\/arnaud-delmarle.com\/#website"},"primaryImageOfPage":{"@id":"https:\/\/arnaud-delmarle.com\/index.php\/contact\/#primaryimage"},"image":{"@id":"https:\/\/arnaud-delmarle.com\/index.php\/contact\/#primaryimage"},"thumbnailUrl":"http:\/\/arnaud-delmarle.com\/wp-content\/uploads\/2023\/11\/MG_859222-1-225x300.png","datePublished":"2020-08-20T04:50:56+00:00","dateModified":"2026-03-07T16:23:21+00:00","breadcrumb":{"@id":"https:\/\/arnaud-delmarle.com\/index.php\/contact\/#breadcrumb"},"inLanguage":"en-US","potentialAction":[{"@type":"ReadAction","target":["https:\/\/arnaud-delmarle.com\/index.php\/contact\/"]}]},{"@type":"ImageObject","inLanguage":"en-US","@id":"https:\/\/arnaud-delmarle.com\/index.php\/contact\/#primaryimage","url":"https:\/\/arnaud-delmarle.com\/wp-content\/uploads\/2023\/11\/MG_859222-1.png","contentUrl":"https:\/\/arnaud-delmarle.com\/wp-content\/uploads\/2023\/11\/MG_859222-1.png","width":2923,"height":3897},{"@type":"BreadcrumbList","@id":"https:\/\/arnaud-delmarle.com\/index.php\/contact\/#breadcrumb","itemListElement":[{"@type":"ListItem","position":1,"name":"Accueil","item":"https:\/\/arnaud-delmarle.com\/"},{"@type":"ListItem","position":2,"name":"CONTACT"}]},{"@type":"WebSite","@id":"https:\/\/arnaud-delmarle.com\/#website","url":"https:\/\/arnaud-delmarle.com\/","name":"","description":"","potentialAction":[{"@type":"SearchAction","target":{"@type":"EntryPoint","urlTemplate":"https:\/\/arnaud-delmarle.com\/?s={search_term_string}"},"query-input":{"@type":"PropertyValueSpecification","valueRequired":true,"valueName":"search_term_string"}}],"inLanguage":"en-US"}]}},"uagb_featured_image_src":{"full":false,"thumbnail":false,"medium":false,"medium_large":false,"large":false,"1536x1536":false,"2048x2048":false,"depicter-thumbnail":false,"vp_sm":false,"vp_md":false,"vp_lg":false,"vp_xl":false,"vp_sm_popup":false,"vp_md_popup":false,"vp_xl_popup":false,"tlp-portfolio-thumb":false},"uagb_author_info":{"display_name":"arnaud-delmarle.com","author_link":"https:\/\/arnaud-delmarle.com\/index.php\/author\/arnaud-delmarle-com\/"},"uagb_comment_info":0,"uagb_excerpt":"Originaire d&#8217;un petit village de la campagne normande, je d\u00e9couvre ma passion pour le cin\u00e9ma tr\u00e8s jeune au sein de l\u2019association du Grain \u00e0 D\u00e9moudre o\u00f9, avec d\u2019autres adolescents, nous sommes \u00e0 la t\u00eate de l&#8217;organisation d&#8217;un festival de cin\u00e9ma. D\u00e8s 15 ans, je passe un grand nombre de mes week-ends dans la salle de&hellip;","rttpg_featured_image_url":null,"rttpg_author":{"display_name":"arnaud-delmarle.com","author_link":"https:\/\/arnaud-delmarle.com\/index.php\/author\/arnaud-delmarle-com\/"},"rttpg_comment":0,"rttpg_category":null,"rttpg_excerpt":"Originaire d&#8217;un petit village de la campagne normande, je d\u00e9couvre ma passion pour le cin\u00e9ma tr\u00e8s jeune au sein de l\u2019association du Grain \u00e0 D\u00e9moudre o\u00f9, avec d\u2019autres adolescents, nous sommes \u00e0 la t\u00eate de l&#8217;organisation d&#8217;un festival de cin\u00e9ma. D\u00e8s 15 ans, je passe un grand nombre de mes week-ends dans la salle de&hellip;","_links":{"self":[{"href":"https:\/\/arnaud-delmarle.com\/index.php\/wp-json\/wp\/v2\/pages\/258","targetHints":{"allow":["GET"]}}],"collection":[{"href":"https:\/\/arnaud-delmarle.com\/index.php\/wp-json\/wp\/v2\/pages"}],"about":[{"href":"https:\/\/arnaud-delmarle.com\/index.php\/wp-json\/wp\/v2\/types\/page"}],"author":[{"embeddable":true,"href":"https:\/\/arnaud-delmarle.com\/index.php\/wp-json\/wp\/v2\/users\/1"}],"replies":[{"embeddable":true,"href":"https:\/\/arnaud-delmarle.com\/index.php\/wp-json\/wp\/v2\/comments?post=258"}],"version-history":[{"count":152,"href":"https:\/\/arnaud-delmarle.com\/index.php\/wp-json\/wp\/v2\/pages\/258\/revisions"}],"predecessor-version":[{"id":6920,"href":"https:\/\/arnaud-delmarle.com\/index.php\/wp-json\/wp\/v2\/pages\/258\/revisions\/6920"}],"wp:attachment":[{"href":"https:\/\/arnaud-delmarle.com\/index.php\/wp-json\/wp\/v2\/media?parent=258"}],"curies":[{"name":"wp","href":"https:\/\/api.w.org\/{rel}","templated":true}]}}